{"id":12,"date":"2025-11-14T15:42:04","date_gmt":"2025-11-14T15:42:04","guid":{"rendered":"https:\/\/kasumayfashion.rkinformatika.online\/?page_id=12"},"modified":"2025-11-17T12:14:54","modified_gmt":"2025-11-17T12:14:54","slug":"inicio","status":"publish","type":"page","link":"https:\/\/kasumayfashion.com\/eu\/","title":{"rendered":"Hasiera"},"content":{"rendered":"<div data-elementor-type=\"wp-page\" data-elementor-id=\"12\" class=\"elementor elementor-12\" data-elementor-post-type=\"page\">\n\t\t\t\t\t\t<section class=\"elementor-section elementor-top-section elementor-element elementor-element-828497f elementor-section-height-min-height elementor-section-boxed elementor-section-height-default elementor-section-items-middle\" data-id=\"828497f\" data-element_type=\"section\" data-e-type=\"section\" data-settings=\"{&quot;background_background&quot;:&quot;classic&quot;}\">\n\t\t\t\t\t\t\t<div class=\"elementor-background-overlay\"><\/div>\n\t\t\t\t\t\t\t<div class=\"elementor-container elementor-column-gap-no\">\n\t\t\t\t\t<div class=\"elementor-column elementor-col-100 elementor-top-column elementor-element elementor-element-3022690\" data-id=\"3022690\" data-element_type=\"column\" data-e-type=\"column\">\n\t\t\t<div class=\"elementor-widget-wrap elementor-element-populated\">\n\t\t\t\t\t\t<div class=\"elementor-element elementor-element-a908ec3 elementor-invisible elementor-widget elementor-widget-heading\" data-id=\"a908ec3\" data-element_type=\"widget\" data-e-type=\"widget\" data-settings=\"{&quot;_animation&quot;:&quot;zoomIn&quot;}\" data-widget_type=\"heading.default\">\n\t\t\t\t\t<h2 class=\"elementor-heading-title elementor-size-default\">Zure edertasuna.<br>gure pasioa duela 7 urtetik hona.<\/h2>\t\t\t\t<\/div>\n\t\t\t\t\t<\/div>\n\t\t<\/div>\n\t\t\t\t\t<\/div>\n\t\t<\/section>\n\t\t\t\t<section class=\"elementor-section elementor-top-section elementor-element elementor-element-ca49f55 elementor-section-content-middle elementor-section-boxed elementor-section-height-default elementor-section-height-default\" data-id=\"ca49f55\" data-element_type=\"section\" data-e-type=\"section\" data-settings=\"{&quot;background_background&quot;:&quot;classic&quot;}\">\n\t\t\t\t\t\t<div class=\"elementor-container elementor-column-gap-no\">\n\t\t\t\t\t<div class=\"elementor-column elementor-col-50 elementor-top-column elementor-element elementor-element-9190b00 elementor-invisible\" data-id=\"9190b00\" data-element_type=\"column\" data-e-type=\"column\" data-settings=\"{&quot;animation&quot;:&quot;fadeInLeft&quot;,&quot;animation_delay&quot;:300}\">\n\t\t\t<div class=\"elementor-widget-wrap elementor-element-populated\">\n\t\t\t\t\t\t<div class=\"elementor-element elementor-element-e64864e elementor-widget elementor-widget-image\" data-id=\"e64864e\" data-element_type=\"widget\" data-e-type=\"widget\" data-widget_type=\"image.default\">\n\t\t\t\t\t\t\t\t\t\t\t\t\t\t\t<img decoding=\"async\" src=\"https:\/\/kasumayfashion.com\/wp-content\/uploads\/elementor\/thumbs\/4460-reu2dnfzqctxeernuz7e65io1hpa0pad3nxijg9hm8.jpg\" title=\"4460\" alt=\"4460\" loading=\"lazy\" \/>\t\t\t\t\t\t\t\t\t\t\t\t\t\t\t<\/div>\n\t\t\t\t\t<\/div>\n\t\t<\/div>\n\t\t\t\t<div class=\"elementor-column elementor-col-50 elementor-top-column elementor-element elementor-element-887369f\" data-id=\"887369f\" data-element_type=\"column\" data-e-type=\"column\">\n\t\t\t<div class=\"elementor-widget-wrap elementor-element-populated\">\n\t\t\t\t\t\t<section class=\"elementor-section elementor-inner-section elementor-element elementor-element-327a80b elementor-section-boxed elementor-section-height-default elementor-section-height-default\" data-id=\"327a80b\" data-element_type=\"section\" data-e-type=\"section\" data-settings=\"{&quot;background_background&quot;:&quot;classic&quot;}\">\n\t\t\t\t\t\t\t<div class=\"elementor-background-overlay\"><\/div>\n\t\t\t\t\t\t\t<div class=\"elementor-container elementor-column-gap-no\">\n\t\t\t\t\t<div class=\"elementor-column elementor-col-100 elementor-inner-column elementor-element elementor-element-48814be elementor-invisible\" data-id=\"48814be\" data-element_type=\"column\" data-e-type=\"column\" data-settings=\"{&quot;background_background&quot;:&quot;classic&quot;,&quot;animation&quot;:&quot;fadeInRight&quot;}\">\n\t\t\t<div class=\"elementor-widget-wrap elementor-element-populated\">\n\t\t\t\t\t\t<div class=\"elementor-element elementor-element-8881d00 elementor-widget-divider--view-line_text elementor-widget-divider--element-align-center elementor-widget elementor-widget-divider\" data-id=\"8881d00\" data-element_type=\"widget\" data-e-type=\"widget\" data-widget_type=\"divider.default\">\n\t\t\t\t\t\t\t<div class=\"elementor-divider\">\n\t\t\t<span class=\"elementor-divider-separator\">\n\t\t\t\t\t\t\t<span class=\"elementor-divider__text elementor-divider__element\">\n\t\t\t\tKasumay Fashiones\t\t\t\t<\/span>\n\t\t\t\t\t\t<\/span>\n\t\t<\/div>\n\t\t\t\t\t\t<\/div>\n\t\t\t\t<div class=\"elementor-element elementor-element-029a1dd elementor-widget elementor-widget-text-editor\" data-id=\"029a1dd\" data-element_type=\"widget\" data-e-type=\"widget\" data-widget_type=\"text-editor.default\">\n\t\t\t\t\t\t\t\t\t<div class=\"flex-shrink-0 flex flex-col relative items-end\"><div class=\"pt-0\"><div class=\"gizmo-bot-avatar flex h-8 w-8 items-center justify-center overflow-hidden rounded-full\"><p>7 urteko esperientzia duen enpresa bat da, bezero bakoitzaren edertasuna eta estilo pertsonala nabarmentzen dituena. Hasieratik, kalitate handiko produktuak eta zerbitzuak eskaintzeko apustua egin dugu, betiere ikuspegi profesional eta hurbilarekin. Ilea zaintzeko produktuetan espezializatzen gara, lisatzeko tratamenduak, xanpua espezializatua eta makillaje hautaketa zaindua barne. Gure konpromisoa da irtenbide eraginkorrak ematea, ilearen osasuna zaintzeko eta gugan konfiantza dutenen irudia nabarmentzeko.<\/p><\/div><\/div><\/div>\t\t\t\t\t\t\t\t<\/div>\n\t\t\t\t<div class=\"elementor-element elementor-element-155f12e elementor-align-center elementor-widget elementor-widget-button\" data-id=\"155f12e\" data-element_type=\"widget\" data-e-type=\"widget\" data-widget_type=\"button.default\">\n\t\t\t\t\t\t\t\t\t\t<a class=\"elementor-button elementor-button-link elementor-size-sm elementor-animation-float\" href=\"https:\/\/kasumayfashion.com\/eu\/servicios\/\">\n\t\t\t\t\t\t<span class=\"elementor-button-content-wrapper\">\n\t\t\t\t\t\t\t\t\t<span class=\"elementor-button-text\">Gehiago jakin<\/span>\n\t\t\t\t\t<\/span>\n\t\t\t\t\t<\/a>\n\t\t\t\t\t\t\t\t<\/div>\n\t\t\t\t\t<\/div>\n\t\t<\/div>\n\t\t\t\t\t<\/div>\n\t\t<\/section>\n\t\t\t\t\t<\/div>\n\t\t<\/div>\n\t\t\t\t\t<\/div>\n\t\t<\/section>\n\t\t\t\t<section class=\"elementor-section elementor-top-section elementor-element elementor-element-481bdaf elementor-section-boxed elementor-section-height-default elementor-section-height-default\" data-id=\"481bdaf\" data-element_type=\"section\" data-e-type=\"section\" data-settings=\"{&quot;background_background&quot;:&quot;classic&quot;}\">\n\t\t\t\t\t\t\t<div class=\"elementor-background-overlay\"><\/div>\n\t\t\t\t\t\t\t<div class=\"elementor-container elementor-column-gap-no\">\n\t\t\t\t\t<div class=\"elementor-column elementor-col-100 elementor-top-column elementor-element elementor-element-11fd4ee\" data-id=\"11fd4ee\" data-element_type=\"column\" data-e-type=\"column\" data-settings=\"{&quot;background_background&quot;:&quot;classic&quot;}\">\n\t\t\t<div class=\"elementor-widget-wrap elementor-element-populated\">\n\t\t\t\t\t\t<div class=\"elementor-element elementor-element-5d925e0 elementor-invisible elementor-widget elementor-widget-heading\" data-id=\"5d925e0\" data-element_type=\"widget\" data-e-type=\"widget\" data-settings=\"{&quot;_animation&quot;:&quot;zoomIn&quot;}\" data-widget_type=\"heading.default\">\n\t\t\t\t\t<h2 class=\"elementor-heading-title elementor-size-default\">Zure zaintzarekin eta ongizatearekin konprometituta.<\/h2>\t\t\t\t<\/div>\n\t\t\t\t<div class=\"elementor-element elementor-element-f876ea5 elementor-align-center elementor-invisible elementor-widget elementor-widget-button\" data-id=\"f876ea5\" data-element_type=\"widget\" data-e-type=\"widget\" data-settings=\"{&quot;_animation&quot;:&quot;zoomIn&quot;}\" data-widget_type=\"button.default\">\n\t\t\t\t\t\t\t\t\t\t<a class=\"elementor-button elementor-button-link elementor-size-sm elementor-animation-hang\" href=\"https:\/\/kasumayfashion.com\/eu\/contacto\/\">\n\t\t\t\t\t\t<span class=\"elementor-button-content-wrapper\">\n\t\t\t\t\t\t\t\t\t<span class=\"elementor-button-text\">ZERBITZUAK<\/span>\n\t\t\t\t\t<\/span>\n\t\t\t\t\t<\/a>\n\t\t\t\t\t\t\t\t<\/div>\n\t\t\t\t\t<\/div>\n\t\t<\/div>\n\t\t\t\t\t<\/div>\n\t\t<\/section>\n\t\t\t\t<\/div>","protected":false},"excerpt":{"rendered":"<p>Tu belleza.nuestra pasi\u00f3n desde hace 7 a\u00f1os. Kasumay Fashiones Es una empresa con 7 a\u00f1os de experiencia dedicada a resaltar la belleza y el estilo personal de cada cliente. Desde nuestros inicios, hemos apostado por ofrecer productos y servicios de alta calidad, siempre con un enfoque profesional y cercano. Nos especializamos en productos para el [&hellip;]<\/p>\n","protected":false},"author":1,"featured_media":0,"parent":0,"menu_order":0,"comment_status":"closed","ping_status":"closed","template":"elementor_canvas","meta":{"footnotes":""},"class_list":["post-12","page","type-page","status-publish","hentry"],"yoast_head":"<!-- This site is optimized with the Yoast SEO plugin v27.3 - https:\/\/yoast.com\/product\/yoast-seo-wordpress\/ -->\n<title>Inicio - Kasumay Fashion<\/title>\n<meta name=\"robots\" content=\"index, follow, max-snippet:-1, max-image-preview:large, max-video-preview:-1\" \/>\n<link rel=\"canonical\" href=\"https:\/\/kasumayfashion.com\/eu\/\" \/>\n<meta property=\"og:locale\" content=\"en_US\" \/>\n<meta property=\"og:type\" content=\"article\" \/>\n<meta property=\"og:title\" content=\"Inicio - Kasumay Fashion\" \/>\n<meta property=\"og:description\" content=\"Tu belleza.nuestra pasi\u00f3n desde hace 7 a\u00f1os. Kasumay Fashiones Es una empresa con 7 a\u00f1os de experiencia dedicada a resaltar la belleza y el estilo personal de cada cliente. Desde nuestros inicios, hemos apostado por ofrecer productos y servicios de alta calidad, siempre con un enfoque profesional y cercano. Nos especializamos en productos para el [&hellip;]\" \/>\n<meta property=\"og:url\" content=\"https:\/\/kasumayfashion.com\/eu\/\" \/>\n<meta property=\"og:site_name\" content=\"Kasumay Fashion\" \/>\n<meta property=\"article:modified_time\" content=\"2025-11-17T12:14:54+00:00\" \/>\n<meta property=\"og:image\" content=\"https:\/\/kasumayfashion.com\/wp-content\/uploads\/elementor\/thumbs\/4460-reu2dnfzqctxeernuz7e65io1hpa0pad3nxijg9hm8.jpg\" \/>\n<meta name=\"twitter:card\" content=\"summary_large_image\" \/>\n<meta name=\"twitter:label1\" content=\"Est. reading time\" \/>\n\t<meta name=\"twitter:data1\" content=\"1 minutua\" \/>\n<script type=\"application\/ld+json\" class=\"yoast-schema-graph\">{\"@context\":\"https:\\\/\\\/schema.org\",\"@graph\":[{\"@type\":\"WebPage\",\"@id\":\"https:\\\/\\\/kasumayfashion.com\\\/\",\"url\":\"https:\\\/\\\/kasumayfashion.com\\\/\",\"name\":\"Inicio - Kasumay Fashion\",\"isPartOf\":{\"@id\":\"https:\\\/\\\/kasumayfashion.com\\\/#website\"},\"primaryImageOfPage\":{\"@id\":\"https:\\\/\\\/kasumayfashion.com\\\/#primaryimage\"},\"image\":{\"@id\":\"https:\\\/\\\/kasumayfashion.com\\\/#primaryimage\"},\"thumbnailUrl\":\"https:\\\/\\\/kasumayfashion.com\\\/wp-content\\\/uploads\\\/elementor\\\/thumbs\\\/4460-reu2dnfzqctxeernuz7e65io1hpa0pad3nxijg9hm8.jpg\",\"datePublished\":\"2025-11-14T15:42:04+00:00\",\"dateModified\":\"2025-11-17T12:14:54+00:00\",\"breadcrumb\":{\"@id\":\"https:\\\/\\\/kasumayfashion.com\\\/#breadcrumb\"},\"inLanguage\":\"eu\",\"potentialAction\":[{\"@type\":\"ReadAction\",\"target\":[\"https:\\\/\\\/kasumayfashion.com\\\/\"]}]},{\"@type\":\"ImageObject\",\"inLanguage\":\"eu\",\"@id\":\"https:\\\/\\\/kasumayfashion.com\\\/#primaryimage\",\"url\":\"https:\\\/\\\/kasumayfashion.com\\\/wp-content\\\/uploads\\\/elementor\\\/thumbs\\\/4460-reu2dnfzqctxeernuz7e65io1hpa0pad3nxijg9hm8.jpg\",\"contentUrl\":\"https:\\\/\\\/kasumayfashion.com\\\/wp-content\\\/uploads\\\/elementor\\\/thumbs\\\/4460-reu2dnfzqctxeernuz7e65io1hpa0pad3nxijg9hm8.jpg\"},{\"@type\":\"BreadcrumbList\",\"@id\":\"https:\\\/\\\/kasumayfashion.com\\\/#breadcrumb\",\"itemListElement\":[{\"@type\":\"ListItem\",\"position\":1,\"name\":\"Portada\",\"item\":\"https:\\\/\\\/kasumayfashion.com\\\/\"},{\"@type\":\"ListItem\",\"position\":2,\"name\":\"Inicio\"}]},{\"@type\":\"WebSite\",\"@id\":\"https:\\\/\\\/kasumayfashion.com\\\/#website\",\"url\":\"https:\\\/\\\/kasumayfashion.com\\\/\",\"name\":\"Kasumay Fashion\",\"description\":\"\",\"publisher\":{\"@id\":\"https:\\\/\\\/kasumayfashion.com\\\/#organization\"},\"potentialAction\":[{\"@type\":\"SearchAction\",\"target\":{\"@type\":\"EntryPoint\",\"urlTemplate\":\"https:\\\/\\\/kasumayfashion.com\\\/?s={search_term_string}\"},\"query-input\":{\"@type\":\"PropertyValueSpecification\",\"valueRequired\":true,\"valueName\":\"search_term_string\"}}],\"inLanguage\":\"eu\"},{\"@type\":\"Organization\",\"@id\":\"https:\\\/\\\/kasumayfashion.com\\\/#organization\",\"name\":\"Kasumay Fashion\",\"url\":\"https:\\\/\\\/kasumayfashion.com\\\/\",\"logo\":{\"@type\":\"ImageObject\",\"inLanguage\":\"eu\",\"@id\":\"https:\\\/\\\/kasumayfashion.com\\\/#\\\/schema\\\/logo\\\/image\\\/\",\"url\":\"https:\\\/\\\/kasumayfashion.com\\\/wp-content\\\/uploads\\\/2025\\\/11\\\/cropped-kasumayfashion202511_logo_web.png\",\"contentUrl\":\"https:\\\/\\\/kasumayfashion.com\\\/wp-content\\\/uploads\\\/2025\\\/11\\\/cropped-kasumayfashion202511_logo_web.png\",\"width\":1080,\"height\":327,\"caption\":\"Kasumay Fashion\"},\"image\":{\"@id\":\"https:\\\/\\\/kasumayfashion.com\\\/#\\\/schema\\\/logo\\\/image\\\/\"}}]}<\/script>\n<!-- \/ Yoast SEO plugin. -->","yoast_head_json":{"title":"Inicio - Kasumay Fashion","robots":{"index":"index","follow":"follow","max-snippet":"max-snippet:-1","max-image-preview":"max-image-preview:large","max-video-preview":"max-video-preview:-1"},"canonical":"https:\/\/kasumayfashion.com\/eu\/","og_locale":"en_US","og_type":"article","og_title":"Inicio - Kasumay Fashion","og_description":"Tu belleza.nuestra pasi\u00f3n desde hace 7 a\u00f1os. Kasumay Fashiones Es una empresa con 7 a\u00f1os de experiencia dedicada a resaltar la belleza y el estilo personal de cada cliente. Desde nuestros inicios, hemos apostado por ofrecer productos y servicios de alta calidad, siempre con un enfoque profesional y cercano. Nos especializamos en productos para el [&hellip;]","og_url":"https:\/\/kasumayfashion.com\/eu\/","og_site_name":"Kasumay Fashion","article_modified_time":"2025-11-17T12:14:54+00:00","og_image":[{"url":"https:\/\/kasumayfashion.com\/wp-content\/uploads\/elementor\/thumbs\/4460-reu2dnfzqctxeernuz7e65io1hpa0pad3nxijg9hm8.jpg","type":"","width":"","height":""}],"twitter_card":"summary_large_image","twitter_misc":{"Est. reading time":"1 minutua"},"schema":{"@context":"https:\/\/schema.org","@graph":[{"@type":"WebPage","@id":"https:\/\/kasumayfashion.com\/","url":"https:\/\/kasumayfashion.com\/","name":"Inicio - Kasumay Fashion","isPartOf":{"@id":"https:\/\/kasumayfashion.com\/#website"},"primaryImageOfPage":{"@id":"https:\/\/kasumayfashion.com\/#primaryimage"},"image":{"@id":"https:\/\/kasumayfashion.com\/#primaryimage"},"thumbnailUrl":"https:\/\/kasumayfashion.com\/wp-content\/uploads\/elementor\/thumbs\/4460-reu2dnfzqctxeernuz7e65io1hpa0pad3nxijg9hm8.jpg","datePublished":"2025-11-14T15:42:04+00:00","dateModified":"2025-11-17T12:14:54+00:00","breadcrumb":{"@id":"https:\/\/kasumayfashion.com\/#breadcrumb"},"inLanguage":"eu","potentialAction":[{"@type":"ReadAction","target":["https:\/\/kasumayfashion.com\/"]}]},{"@type":"ImageObject","inLanguage":"eu","@id":"https:\/\/kasumayfashion.com\/#primaryimage","url":"https:\/\/kasumayfashion.com\/wp-content\/uploads\/elementor\/thumbs\/4460-reu2dnfzqctxeernuz7e65io1hpa0pad3nxijg9hm8.jpg","contentUrl":"https:\/\/kasumayfashion.com\/wp-content\/uploads\/elementor\/thumbs\/4460-reu2dnfzqctxeernuz7e65io1hpa0pad3nxijg9hm8.jpg"},{"@type":"BreadcrumbList","@id":"https:\/\/kasumayfashion.com\/#breadcrumb","itemListElement":[{"@type":"ListItem","position":1,"name":"Portada","item":"https:\/\/kasumayfashion.com\/"},{"@type":"ListItem","position":2,"name":"Inicio"}]},{"@type":"WebSite","@id":"https:\/\/kasumayfashion.com\/#website","url":"https:\/\/kasumayfashion.com\/","name":"Kasumay Fashion","description":"","publisher":{"@id":"https:\/\/kasumayfashion.com\/#organization"},"potentialAction":[{"@type":"SearchAction","target":{"@type":"EntryPoint","urlTemplate":"https:\/\/kasumayfashion.com\/?s={search_term_string}"},"query-input":{"@type":"PropertyValueSpecification","valueRequired":true,"valueName":"search_term_string"}}],"inLanguage":"eu"},{"@type":"Organization","@id":"https:\/\/kasumayfashion.com\/#organization","name":"Kasumay Fashion","url":"https:\/\/kasumayfashion.com\/","logo":{"@type":"ImageObject","inLanguage":"eu","@id":"https:\/\/kasumayfashion.com\/#\/schema\/logo\/image\/","url":"https:\/\/kasumayfashion.com\/wp-content\/uploads\/2025\/11\/cropped-kasumayfashion202511_logo_web.png","contentUrl":"https:\/\/kasumayfashion.com\/wp-content\/uploads\/2025\/11\/cropped-kasumayfashion202511_logo_web.png","width":1080,"height":327,"caption":"Kasumay Fashion"},"image":{"@id":"https:\/\/kasumayfashion.com\/#\/schema\/logo\/image\/"}}]}},"_links":{"self":[{"href":"https:\/\/kasumayfashion.com\/eu\/wp-json\/wp\/v2\/pages\/12","targetHints":{"allow":["GET"]}}],"collection":[{"href":"https:\/\/kasumayfashion.com\/eu\/wp-json\/wp\/v2\/pages"}],"about":[{"href":"https:\/\/kasumayfashion.com\/eu\/wp-json\/wp\/v2\/types\/page"}],"author":[{"embeddable":true,"href":"https:\/\/kasumayfashion.com\/eu\/wp-json\/wp\/v2\/users\/1"}],"replies":[{"embeddable":true,"href":"https:\/\/kasumayfashion.com\/eu\/wp-json\/wp\/v2\/comments?post=12"}],"version-history":[{"count":52,"href":"https:\/\/kasumayfashion.com\/eu\/wp-json\/wp\/v2\/pages\/12\/revisions"}],"predecessor-version":[{"id":266,"href":"https:\/\/kasumayfashion.com\/eu\/wp-json\/wp\/v2\/pages\/12\/revisions\/266"}],"wp:attachment":[{"href":"https:\/\/kasumayfashion.com\/eu\/wp-json\/wp\/v2\/media?parent=12"}],"curies":[{"name":"wp","href":"https:\/\/api.w.org\/{rel}","templated":true}]}}