{"id":15,"date":"2025-11-14T15:43:13","date_gmt":"2025-11-14T15:43:13","guid":{"rendered":"https:\/\/kasumayfashion.rkinformatika.online\/?page_id=15"},"modified":"2025-11-21T12:38:30","modified_gmt":"2025-11-21T12:38:30","slug":"servicios","status":"publish","type":"page","link":"https:\/\/kasumayfashion.com\/eu\/servicios\/","title":{"rendered":"Zerbitzuak"},"content":{"rendered":"<div data-elementor-type=\"wp-page\" data-elementor-id=\"15\" class=\"elementor elementor-15\" data-elementor-post-type=\"page\">\n\t\t\t\t<div class=\"elementor-element elementor-element-c92b7e6 e-flex e-con-boxed e-con e-parent\" data-id=\"c92b7e6\" data-element_type=\"container\" data-e-type=\"container\" data-settings=\"{&quot;background_background&quot;:&quot;classic&quot;}\">\n\t\t\t\t\t<div class=\"e-con-inner\">\n\t\t\t\t\t<\/div>\n\t\t\t\t<\/div>\n\t\t<div class=\"elementor-element elementor-element-74bb975 e-con-full e-flex e-con e-parent\" data-id=\"74bb975\" data-element_type=\"container\" data-e-type=\"container\" data-settings=\"{&quot;background_background&quot;:&quot;classic&quot;}\">\n\t\t<div class=\"elementor-element elementor-element-c42163a e-flex e-con-boxed e-con e-child\" data-id=\"c42163a\" data-element_type=\"container\" data-e-type=\"container\">\n\t\t\t\t\t<div class=\"e-con-inner\">\n\t\t\t\t<div class=\"elementor-element elementor-element-a4bf0a7 elementor-widget__width-initial elementor-invisible elementor-widget elementor-widget-heading\" data-id=\"a4bf0a7\" data-element_type=\"widget\" data-e-type=\"widget\" data-settings=\"{&quot;_animation&quot;:&quot;fadeInUp&quot;}\" data-widget_type=\"heading.default\">\n\t\t\t\t\t<h2 class=\"elementor-heading-title elementor-size-default\">Descubre nuestros servicios dise\u00f1ados para realzar tu belleza.<\/h2>\t\t\t\t<\/div>\n\t\t\t\t\t<\/div>\n\t\t\t\t<\/div>\n\t\t\t\t<\/div>\n\t\t<div class=\"elementor-element elementor-element-3147035 e-flex e-con-boxed e-con e-parent\" data-id=\"3147035\" data-element_type=\"container\" data-e-type=\"container\">\n\t\t\t\t\t<div class=\"e-con-inner\">\n\t\t<div class=\"elementor-element elementor-element-5e13cd5 e-con-full e-flex e-con e-child\" data-id=\"5e13cd5\" data-element_type=\"container\" data-e-type=\"container\">\n\t\t\t\t<div class=\"elementor-element elementor-element-8c5f6fc elementor-position-top elementor-widget elementor-widget-image-box\" data-id=\"8c5f6fc\" data-element_type=\"widget\" data-e-type=\"widget\" data-widget_type=\"image-box.default\">\n\t\t\t\t\t<div class=\"elementor-image-box-wrapper\"><figure class=\"elementor-image-box-img\"><img fetchpriority=\"high\" decoding=\"async\" width=\"1500\" height=\"1000\" src=\"https:\/\/kasumayfashion.com\/wp-content\/uploads\/2025\/11\/17375.jpg\" class=\"attachment-full size-full wp-image-191\" alt=\"\" srcset=\"https:\/\/kasumayfashion.com\/wp-content\/uploads\/2025\/11\/17375.jpg 1500w, https:\/\/kasumayfashion.com\/wp-content\/uploads\/2025\/11\/17375-300x200.jpg 300w, https:\/\/kasumayfashion.com\/wp-content\/uploads\/2025\/11\/17375-1024x683.jpg 1024w, https:\/\/kasumayfashion.com\/wp-content\/uploads\/2025\/11\/17375-768x512.jpg 768w, https:\/\/kasumayfashion.com\/wp-content\/uploads\/2025\/11\/17375-18x12.jpg 18w\" sizes=\"(max-width: 1500px) 100vw, 1500px\" \/><\/figure><div class=\"elementor-image-box-content\"><h3 class=\"elementor-image-box-title\">TRENZAS<\/h3><p class=\"elementor-image-box-description\">Creamos estilos \u00fanicos que se adaptan a tu personalidad y necesidades. Desde cortes cl\u00e1sicos hasta peinados modernos, nuestro objetivo es resaltar lo mejor de ti. <\/p><\/div><\/div>\t\t\t\t<\/div>\n\t\t\t\t<\/div>\n\t\t<div class=\"elementor-element elementor-element-15e3819 e-con-full e-flex e-con e-child\" data-id=\"15e3819\" data-element_type=\"container\" data-e-type=\"container\">\n\t\t\t\t<div class=\"elementor-element elementor-element-d264d66 elementor-position-top elementor-widget elementor-widget-image-box\" data-id=\"d264d66\" data-element_type=\"widget\" data-e-type=\"widget\" data-widget_type=\"image-box.default\">\n\t\t\t\t\t<div class=\"elementor-image-box-wrapper\"><figure class=\"elementor-image-box-img\"><img decoding=\"async\" width=\"1500\" height=\"998\" src=\"https:\/\/kasumayfashion.com\/wp-content\/uploads\/2025\/11\/2149167381.jpg\" class=\"attachment-full size-full wp-image-192\" alt=\"\" srcset=\"https:\/\/kasumayfashion.com\/wp-content\/uploads\/2025\/11\/2149167381.jpg 1500w, https:\/\/kasumayfashion.com\/wp-content\/uploads\/2025\/11\/2149167381-300x200.jpg 300w, https:\/\/kasumayfashion.com\/wp-content\/uploads\/2025\/11\/2149167381-1024x681.jpg 1024w, https:\/\/kasumayfashion.com\/wp-content\/uploads\/2025\/11\/2149167381-768x511.jpg 768w, https:\/\/kasumayfashion.com\/wp-content\/uploads\/2025\/11\/2149167381-18x12.jpg 18w\" sizes=\"(max-width: 1500px) 100vw, 1500px\" \/><\/figure><div class=\"elementor-image-box-content\"><h3 class=\"elementor-image-box-title\">Lavado de Pelo<\/h3><p class=\"elementor-image-box-description\">Ofrecemos un servicio completo de lavado con productos adecuados para cada tipo de cabello. Incluye masaje capilar, hidrataci\u00f3n y preparaci\u00f3n del cabello para cualquier peinado o tratamiento posterior.<\/p><\/div><\/div>\t\t\t\t<\/div>\n\t\t\t\t<\/div>\n\t\t<div class=\"elementor-element elementor-element-f673548 e-con-full e-flex e-con e-child\" data-id=\"f673548\" data-element_type=\"container\" data-e-type=\"container\">\n\t\t\t\t<div class=\"elementor-element elementor-element-d5eed98 elementor-position-top elementor-widget elementor-widget-image-box\" data-id=\"d5eed98\" data-element_type=\"widget\" data-e-type=\"widget\" data-widget_type=\"image-box.default\">\n\t\t\t\t\t<div class=\"elementor-image-box-wrapper\"><figure class=\"elementor-image-box-img\"><img decoding=\"async\" width=\"1500\" height=\"1001\" src=\"https:\/\/kasumayfashion.com\/wp-content\/uploads\/2025\/11\/4460-1.jpg\" class=\"attachment-full size-full wp-image-193\" alt=\"\" srcset=\"https:\/\/kasumayfashion.com\/wp-content\/uploads\/2025\/11\/4460-1.jpg 1500w, https:\/\/kasumayfashion.com\/wp-content\/uploads\/2025\/11\/4460-1-300x200.jpg 300w, https:\/\/kasumayfashion.com\/wp-content\/uploads\/2025\/11\/4460-1-1024x683.jpg 1024w, https:\/\/kasumayfashion.com\/wp-content\/uploads\/2025\/11\/4460-1-768x513.jpg 768w, https:\/\/kasumayfashion.com\/wp-content\/uploads\/2025\/11\/4460-1-18x12.jpg 18w\" sizes=\"(max-width: 1500px) 100vw, 1500px\" \/><\/figure><div class=\"elementor-image-box-content\"><h3 class=\"elementor-image-box-title\">Recogidos<\/h3><p class=\"elementor-image-box-description\">Creamos recogidos elegantes y modernos para todo tipo de eventos: bodas, fiestas, celebraciones o looks del d\u00eda a d\u00eda. Dise\u00f1amos el estilo seg\u00fan tu rostro, gusto y ocasi\u00f3n.<\/p><\/div><\/div>\t\t\t\t<\/div>\n\t\t\t\t<\/div>\n\t\t\t\t\t<\/div>\n\t\t\t\t<\/div>\n\t\t<div class=\"elementor-element elementor-element-1a25200 e-flex e-con-boxed e-con e-parent\" data-id=\"1a25200\" data-element_type=\"container\" data-e-type=\"container\">\n\t\t\t\t\t<div class=\"e-con-inner\">\n\t\t<div class=\"elementor-element elementor-element-6e2bf05 e-con-full e-flex e-con e-child\" data-id=\"6e2bf05\" data-element_type=\"container\" data-e-type=\"container\">\n\t\t\t\t<div class=\"elementor-element elementor-element-55576a4 elementor-vertical-align-top elementor-widget elementor-widget-image-box\" data-id=\"55576a4\" data-element_type=\"widget\" data-e-type=\"widget\" data-widget_type=\"image-box.default\">\n\t\t\t\t\t<div class=\"elementor-image-box-wrapper\"><figure class=\"elementor-image-box-img\"><img loading=\"lazy\" decoding=\"async\" width=\"1500\" height=\"1000\" src=\"https:\/\/kasumayfashion.com\/wp-content\/uploads\/2025\/11\/909.jpg\" class=\"attachment-full size-full wp-image-195\" alt=\"\" srcset=\"https:\/\/kasumayfashion.com\/wp-content\/uploads\/2025\/11\/909.jpg 1500w, https:\/\/kasumayfashion.com\/wp-content\/uploads\/2025\/11\/909-300x200.jpg 300w, https:\/\/kasumayfashion.com\/wp-content\/uploads\/2025\/11\/909-1024x683.jpg 1024w, https:\/\/kasumayfashion.com\/wp-content\/uploads\/2025\/11\/909-768x512.jpg 768w, https:\/\/kasumayfashion.com\/wp-content\/uploads\/2025\/11\/909-18x12.jpg 18w\" sizes=\"(max-width: 1500px) 100vw, 1500px\" \/><\/figure><div class=\"elementor-image-box-content\"><h3 class=\"elementor-image-box-title\">Maquillaje<\/h3><p class=\"elementor-image-box-description\">Servicio de maquillaje profesional para cualquier ocasi\u00f3n. Realzamos tu belleza con t\u00e9cnicas actuales y productos de alta calidad, adaptados a tu tipo de piel y al estilo que buscas.<\/p><\/div><\/div>\t\t\t\t<\/div>\n\t\t\t\t<\/div>\n\t\t<div class=\"elementor-element elementor-element-96888d5 e-con-full e-flex e-con e-child\" data-id=\"96888d5\" data-element_type=\"container\" data-e-type=\"container\">\n\t\t\t\t<div class=\"elementor-element elementor-element-f34e166 elementor-vertical-align-top elementor-widget elementor-widget-image-box\" data-id=\"f34e166\" data-element_type=\"widget\" data-e-type=\"widget\" data-widget_type=\"image-box.default\">\n\t\t\t\t\t<div class=\"elementor-image-box-wrapper\"><figure class=\"elementor-image-box-img\"><img loading=\"lazy\" decoding=\"async\" width=\"1500\" height=\"1000\" src=\"https:\/\/kasumayfashion.com\/wp-content\/uploads\/2025\/11\/22959.jpg\" class=\"attachment-full size-full wp-image-194\" alt=\"\" srcset=\"https:\/\/kasumayfashion.com\/wp-content\/uploads\/2025\/11\/22959.jpg 1500w, https:\/\/kasumayfashion.com\/wp-content\/uploads\/2025\/11\/22959-300x200.jpg 300w, https:\/\/kasumayfashion.com\/wp-content\/uploads\/2025\/11\/22959-1024x683.jpg 1024w, https:\/\/kasumayfashion.com\/wp-content\/uploads\/2025\/11\/22959-768x512.jpg 768w, https:\/\/kasumayfashion.com\/wp-content\/uploads\/2025\/11\/22959-18x12.jpg 18w\" sizes=\"(max-width: 1500px) 100vw, 1500px\" \/><\/figure><div class=\"elementor-image-box-content\"><h3 class=\"elementor-image-box-title\">Pelucas<\/h3><p class=\"elementor-image-box-description\">Disponemos de pelucas de calidad y ofrecemos asesoramiento para elegir la que mejor se adapte a tu estilo. Tambi\u00e9n realizamos colocaci\u00f3n, ajuste, lavado y mantenimiento.<\/p><\/div><\/div>\t\t\t\t<\/div>\n\t\t\t\t<\/div>\n\t\t\t\t\t<\/div>\n\t\t\t\t<\/div>\n\t\t<div class=\"elementor-element elementor-element-7da9a61 e-con-full e-flex e-con e-parent\" data-id=\"7da9a61\" data-element_type=\"container\" data-e-type=\"container\">\n\t\t\t\t<div class=\"elementor-element elementor-element-e64fd3c elementor-cta--skin-cover elementor-animated-content elementor-bg-transform elementor-bg-transform-zoom-in elementor-widget elementor-widget-call-to-action\" data-id=\"e64fd3c\" data-element_type=\"widget\" data-e-type=\"widget\" data-widget_type=\"call-to-action.default\">\n\t\t\t\t\t\t\t<div class=\"elementor-cta\">\n\t\t\t\t\t<div class=\"elementor-cta__bg-wrapper\">\n\t\t\t\t<div class=\"elementor-cta__bg elementor-bg\" style=\"background-image: url();\" role=\"img\" aria-label=\"\"><\/div>\n\t\t\t\t<div class=\"elementor-cta__bg-overlay\"><\/div>\n\t\t\t<\/div>\n\t\t\t\t\t\t\t<div class=\"elementor-cta__content\">\n\t\t\t\t\n\t\t\t\t\t\t\t\t\t<h2 class=\"elementor-cta__title elementor-cta__content-item elementor-content-item elementor-animated-item--grow\">\n\t\t\t\t\t\tLa excelencia en belleza, a tu alcance.\t\t\t\t\t<\/h2>\n\t\t\t\t\n\t\t\t\t\n\t\t\t\t\t\t\t\t\t<div class=\"elementor-cta__button-wrapper elementor-cta__content-item elementor-content-item elementor-animated-item--grow\">\n\t\t\t\t\t<a class=\"elementor-cta__button elementor-button elementor-size-\" href=\"https:\/\/kasumayfashion.com\/eu\/contacto\/\">\n\t\t\t\t\t\tCONTACTO\t\t\t\t\t<\/a>\n\t\t\t\t\t<\/div>\n\t\t\t\t\t\t\t<\/div>\n\t\t\t\t\t\t<\/div>\n\t\t\t\t\t\t<\/div>\n\t\t\t\t<\/div>\n\t\t\t\t<\/div>","protected":false},"excerpt":{"rendered":"<p>Descubre nuestros servicios dise\u00f1ados para realzar tu belleza. TRENZAS Creamos estilos \u00fanicos que se adaptan a tu personalidad y necesidades. Desde cortes cl\u00e1sicos hasta peinados modernos, nuestro objetivo es resaltar lo mejor de ti. Lavado de Pelo Ofrecemos un servicio completo de lavado con productos adecuados para cada tipo de cabello. Incluye masaje capilar, hidrataci\u00f3n [&hellip;]<\/p>\n","protected":false},"author":1,"featured_media":0,"parent":0,"menu_order":0,"comment_status":"closed","ping_status":"closed","template":"elementor_canvas","meta":{"footnotes":""},"class_list":["post-15","page","type-page","status-publish","hentry"],"yoast_head":"<!-- This site is optimized with the Yoast SEO plugin v27.3 - https:\/\/yoast.com\/product\/yoast-seo-wordpress\/ -->\n<title>Servicios - Kasumay Fashion<\/title>\n<meta name=\"robots\" content=\"index, follow, max-snippet:-1, max-image-preview:large, max-video-preview:-1\" \/>\n<link rel=\"canonical\" href=\"https:\/\/kasumayfashion.com\/eu\/servicios\/\" \/>\n<meta property=\"og:locale\" content=\"en_US\" \/>\n<meta property=\"og:type\" content=\"article\" \/>\n<meta property=\"og:title\" content=\"Servicios - Kasumay Fashion\" \/>\n<meta property=\"og:description\" content=\"Descubre nuestros servicios dise\u00f1ados para realzar tu belleza. TRENZAS Creamos estilos \u00fanicos que se adaptan a tu personalidad y necesidades. Desde cortes cl\u00e1sicos hasta peinados modernos, nuestro objetivo es resaltar lo mejor de ti. Lavado de Pelo Ofrecemos un servicio completo de lavado con productos adecuados para cada tipo de cabello. Incluye masaje capilar, hidrataci\u00f3n [&hellip;]\" \/>\n<meta property=\"og:url\" content=\"https:\/\/kasumayfashion.com\/eu\/servicios\/\" \/>\n<meta property=\"og:site_name\" content=\"Kasumay Fashion\" \/>\n<meta property=\"article:modified_time\" content=\"2025-11-21T12:38:30+00:00\" \/>\n<meta property=\"og:image\" content=\"https:\/\/kasumayfashion.com\/wp-content\/uploads\/2025\/11\/17375.jpg\" \/>\n\t<meta property=\"og:image:width\" content=\"1500\" \/>\n\t<meta property=\"og:image:height\" content=\"1000\" \/>\n\t<meta property=\"og:image:type\" content=\"image\/jpeg\" \/>\n<meta name=\"twitter:card\" content=\"summary_large_image\" \/>\n<script type=\"application\/ld+json\" class=\"yoast-schema-graph\">{\"@context\":\"https:\\\/\\\/schema.org\",\"@graph\":[{\"@type\":\"WebPage\",\"@id\":\"https:\\\/\\\/kasumayfashion.com\\\/servicios\\\/\",\"url\":\"https:\\\/\\\/kasumayfashion.com\\\/servicios\\\/\",\"name\":\"Servicios - Kasumay Fashion\",\"isPartOf\":{\"@id\":\"https:\\\/\\\/kasumayfashion.com\\\/#website\"},\"primaryImageOfPage\":{\"@id\":\"https:\\\/\\\/kasumayfashion.com\\\/servicios\\\/#primaryimage\"},\"image\":{\"@id\":\"https:\\\/\\\/kasumayfashion.com\\\/servicios\\\/#primaryimage\"},\"thumbnailUrl\":\"https:\\\/\\\/kasumayfashion.com\\\/wp-content\\\/uploads\\\/2025\\\/11\\\/17375.jpg\",\"datePublished\":\"2025-11-14T15:43:13+00:00\",\"dateModified\":\"2025-11-21T12:38:30+00:00\",\"breadcrumb\":{\"@id\":\"https:\\\/\\\/kasumayfashion.com\\\/servicios\\\/#breadcrumb\"},\"inLanguage\":\"eu\",\"potentialAction\":[{\"@type\":\"ReadAction\",\"target\":[\"https:\\\/\\\/kasumayfashion.com\\\/servicios\\\/\"]}]},{\"@type\":\"ImageObject\",\"inLanguage\":\"eu\",\"@id\":\"https:\\\/\\\/kasumayfashion.com\\\/servicios\\\/#primaryimage\",\"url\":\"https:\\\/\\\/kasumayfashion.com\\\/wp-content\\\/uploads\\\/2025\\\/11\\\/17375.jpg\",\"contentUrl\":\"https:\\\/\\\/kasumayfashion.com\\\/wp-content\\\/uploads\\\/2025\\\/11\\\/17375.jpg\"},{\"@type\":\"BreadcrumbList\",\"@id\":\"https:\\\/\\\/kasumayfashion.com\\\/servicios\\\/#breadcrumb\",\"itemListElement\":[{\"@type\":\"ListItem\",\"position\":1,\"name\":\"Portada\",\"item\":\"https:\\\/\\\/kasumayfashion.com\\\/\"},{\"@type\":\"ListItem\",\"position\":2,\"name\":\"Servicios\"}]},{\"@type\":\"WebSite\",\"@id\":\"https:\\\/\\\/kasumayfashion.com\\\/#website\",\"url\":\"https:\\\/\\\/kasumayfashion.com\\\/\",\"name\":\"Kasumay Fashion\",\"description\":\"\",\"publisher\":{\"@id\":\"https:\\\/\\\/kasumayfashion.com\\\/#organization\"},\"potentialAction\":[{\"@type\":\"SearchAction\",\"target\":{\"@type\":\"EntryPoint\",\"urlTemplate\":\"https:\\\/\\\/kasumayfashion.com\\\/?s={search_term_string}\"},\"query-input\":{\"@type\":\"PropertyValueSpecification\",\"valueRequired\":true,\"valueName\":\"search_term_string\"}}],\"inLanguage\":\"eu\"},{\"@type\":\"Organization\",\"@id\":\"https:\\\/\\\/kasumayfashion.com\\\/#organization\",\"name\":\"Kasumay Fashion\",\"url\":\"https:\\\/\\\/kasumayfashion.com\\\/\",\"logo\":{\"@type\":\"ImageObject\",\"inLanguage\":\"eu\",\"@id\":\"https:\\\/\\\/kasumayfashion.com\\\/#\\\/schema\\\/logo\\\/image\\\/\",\"url\":\"https:\\\/\\\/kasumayfashion.com\\\/wp-content\\\/uploads\\\/2025\\\/11\\\/cropped-kasumayfashion202511_logo_web.png\",\"contentUrl\":\"https:\\\/\\\/kasumayfashion.com\\\/wp-content\\\/uploads\\\/2025\\\/11\\\/cropped-kasumayfashion202511_logo_web.png\",\"width\":1080,\"height\":327,\"caption\":\"Kasumay Fashion\"},\"image\":{\"@id\":\"https:\\\/\\\/kasumayfashion.com\\\/#\\\/schema\\\/logo\\\/image\\\/\"}}]}<\/script>\n<!-- \/ Yoast SEO plugin. -->","yoast_head_json":{"title":"Servicios - Kasumay Fashion","robots":{"index":"index","follow":"follow","max-snippet":"max-snippet:-1","max-image-preview":"max-image-preview:large","max-video-preview":"max-video-preview:-1"},"canonical":"https:\/\/kasumayfashion.com\/eu\/servicios\/","og_locale":"en_US","og_type":"article","og_title":"Servicios - Kasumay Fashion","og_description":"Descubre nuestros servicios dise\u00f1ados para realzar tu belleza. TRENZAS Creamos estilos \u00fanicos que se adaptan a tu personalidad y necesidades. Desde cortes cl\u00e1sicos hasta peinados modernos, nuestro objetivo es resaltar lo mejor de ti. Lavado de Pelo Ofrecemos un servicio completo de lavado con productos adecuados para cada tipo de cabello. Incluye masaje capilar, hidrataci\u00f3n [&hellip;]","og_url":"https:\/\/kasumayfashion.com\/eu\/servicios\/","og_site_name":"Kasumay Fashion","article_modified_time":"2025-11-21T12:38:30+00:00","og_image":[{"width":1500,"height":1000,"url":"https:\/\/kasumayfashion.com\/wp-content\/uploads\/2025\/11\/17375.jpg","type":"image\/jpeg"}],"twitter_card":"summary_large_image","schema":{"@context":"https:\/\/schema.org","@graph":[{"@type":"WebPage","@id":"https:\/\/kasumayfashion.com\/servicios\/","url":"https:\/\/kasumayfashion.com\/servicios\/","name":"Servicios - Kasumay Fashion","isPartOf":{"@id":"https:\/\/kasumayfashion.com\/#website"},"primaryImageOfPage":{"@id":"https:\/\/kasumayfashion.com\/servicios\/#primaryimage"},"image":{"@id":"https:\/\/kasumayfashion.com\/servicios\/#primaryimage"},"thumbnailUrl":"https:\/\/kasumayfashion.com\/wp-content\/uploads\/2025\/11\/17375.jpg","datePublished":"2025-11-14T15:43:13+00:00","dateModified":"2025-11-21T12:38:30+00:00","breadcrumb":{"@id":"https:\/\/kasumayfashion.com\/servicios\/#breadcrumb"},"inLanguage":"eu","potentialAction":[{"@type":"ReadAction","target":["https:\/\/kasumayfashion.com\/servicios\/"]}]},{"@type":"ImageObject","inLanguage":"eu","@id":"https:\/\/kasumayfashion.com\/servicios\/#primaryimage","url":"https:\/\/kasumayfashion.com\/wp-content\/uploads\/2025\/11\/17375.jpg","contentUrl":"https:\/\/kasumayfashion.com\/wp-content\/uploads\/2025\/11\/17375.jpg"},{"@type":"BreadcrumbList","@id":"https:\/\/kasumayfashion.com\/servicios\/#breadcrumb","itemListElement":[{"@type":"ListItem","position":1,"name":"Portada","item":"https:\/\/kasumayfashion.com\/"},{"@type":"ListItem","position":2,"name":"Servicios"}]},{"@type":"WebSite","@id":"https:\/\/kasumayfashion.com\/#website","url":"https:\/\/kasumayfashion.com\/","name":"Kasumay Fashion","description":"","publisher":{"@id":"https:\/\/kasumayfashion.com\/#organization"},"potentialAction":[{"@type":"SearchAction","target":{"@type":"EntryPoint","urlTemplate":"https:\/\/kasumayfashion.com\/?s={search_term_string}"},"query-input":{"@type":"PropertyValueSpecification","valueRequired":true,"valueName":"search_term_string"}}],"inLanguage":"eu"},{"@type":"Organization","@id":"https:\/\/kasumayfashion.com\/#organization","name":"Kasumay Fashion","url":"https:\/\/kasumayfashion.com\/","logo":{"@type":"ImageObject","inLanguage":"eu","@id":"https:\/\/kasumayfashion.com\/#\/schema\/logo\/image\/","url":"https:\/\/kasumayfashion.com\/wp-content\/uploads\/2025\/11\/cropped-kasumayfashion202511_logo_web.png","contentUrl":"https:\/\/kasumayfashion.com\/wp-content\/uploads\/2025\/11\/cropped-kasumayfashion202511_logo_web.png","width":1080,"height":327,"caption":"Kasumay Fashion"},"image":{"@id":"https:\/\/kasumayfashion.com\/#\/schema\/logo\/image\/"}}]}},"_links":{"self":[{"href":"https:\/\/kasumayfashion.com\/eu\/wp-json\/wp\/v2\/pages\/15","targetHints":{"allow":["GET"]}}],"collection":[{"href":"https:\/\/kasumayfashion.com\/eu\/wp-json\/wp\/v2\/pages"}],"about":[{"href":"https:\/\/kasumayfashion.com\/eu\/wp-json\/wp\/v2\/types\/page"}],"author":[{"embeddable":true,"href":"https:\/\/kasumayfashion.com\/eu\/wp-json\/wp\/v2\/users\/1"}],"replies":[{"embeddable":true,"href":"https:\/\/kasumayfashion.com\/eu\/wp-json\/wp\/v2\/comments?post=15"}],"version-history":[{"count":61,"href":"https:\/\/kasumayfashion.com\/eu\/wp-json\/wp\/v2\/pages\/15\/revisions"}],"predecessor-version":[{"id":282,"href":"https:\/\/kasumayfashion.com\/eu\/wp-json\/wp\/v2\/pages\/15\/revisions\/282"}],"wp:attachment":[{"href":"https:\/\/kasumayfashion.com\/eu\/wp-json\/wp\/v2\/media?parent=15"}],"curies":[{"name":"wp","href":"https:\/\/api.w.org\/{rel}","templated":true}]}}